{"id":820,"date":"2022-11-17T15:07:40","date_gmt":"2022-11-17T20:07:40","guid":{"rendered":"https:\/\/www.proyectosappicua.com\/momentto\/legal\/?page_id=820"},"modified":"2024-11-19T15:22:56","modified_gmt":"2024-11-19T20:22:56","slug":"area-practica-administrativo","status":"publish","type":"page","link":"https:\/\/momentto.co\/legal\/area-practica-administrativo\/","title":{"rendered":"Area practica &#8211; Administrativo"},"content":{"rendered":"\t\t<div data-elementor-type=\"wp-page\" data-elementor-id=\"820\" class=\"elementor elementor-820\">\n\t\t\t\t\t\t<main class=\"elementor-section elementor-top-section elementor-element elementor-element-6db7bf7 elementor-section-full_width elementor-section-height-min-height elementor-section-items-stretch print elementor-section-height-default\" data-id=\"6db7bf7\" data-element_type=\"section\" data-settings=\"{&quot;background_background&quot;:&quot;classic&quot;,&quot;_ob_glider_is_slider&quot;:&quot;no&quot;}\">\n\t\t\t\t\t\t<div class=\"elementor-container elementor-column-gap-default\">\n\t\t\t\t\t<section class=\"elementor-column elementor-col-50 elementor-top-column elementor-element elementor-element-e40b559 sec\" data-id=\"e40b559\" data-element_type=\"column\" id=\"nosotros\" data-settings=\"{&quot;background_background&quot;:&quot;classic&quot;,&quot;animation&quot;:&quot;none&quot;,&quot;_ob_bbad_is_stalker&quot;:&quot;no&quot;,&quot;_ob_teleporter_use&quot;:false,&quot;_ob_column_hoveranimator&quot;:&quot;no&quot;,&quot;_ob_column_has_pseudo&quot;:&quot;no&quot;}\">\n\t\t\t<div class=\"elementor-widget-wrap elementor-element-populated\">\n\t\t\t\t\t\t<section class=\"ob-is-breaking-bad ob-bb-inner elementor-section elementor-inner-section elementor-element elementor-element-e957b7c elementor-section-full_width elementor-section-height-full elementor-section-height-default\" data-id=\"e957b7c\" data-element_type=\"section\" data-settings=\"{&quot;_ob_bbad_use_it&quot;:&quot;yes&quot;,&quot;_ob_bbad_sssic_use&quot;:&quot;no&quot;,&quot;_ob_glider_is_slider&quot;:&quot;no&quot;}\">\n\t\t\t\t\t\t<div class=\"elementor-container elementor-column-gap-default\">\n\t\t\t\t\t<div class=\"elementor-column elementor-col-50 elementor-inner-column elementor-element elementor-element-44e3782\" data-id=\"44e3782\" data-element_type=\"column\" data-settings=\"{&quot;background_background&quot;:&quot;classic&quot;,&quot;_ob_bbad_is_stalker&quot;:&quot;no&quot;,&quot;_ob_teleporter_use&quot;:false,&quot;_ob_column_hoveranimator&quot;:&quot;no&quot;,&quot;_ob_column_has_pseudo&quot;:&quot;no&quot;}\">\n\t\t\t<div class=\"elementor-widget-wrap elementor-element-populated\">\n\t\t\t\t\t\t<div class=\"elementor-element elementor-element-2575f32 txt-area ob-harakiri-inherit ob-has-background-overlay elementor-widget elementor-widget-text-editor\" data-id=\"2575f32\" data-element_type=\"widget\" data-settings=\"{&quot;_ob_use_harakiri&quot;:&quot;yes&quot;,&quot;_ob_harakiri_writing_mode&quot;:&quot;inherit&quot;,&quot;_ob_postman_use&quot;:&quot;no&quot;,&quot;_ob_perspektive_use&quot;:&quot;no&quot;,&quot;_ob_poopart_use&quot;:&quot;yes&quot;,&quot;_ob_shadough_use&quot;:&quot;no&quot;,&quot;_ob_allow_hoveranimator&quot;:&quot;no&quot;,&quot;_ob_widget_stalker_use&quot;:&quot;no&quot;}\" data-widget_type=\"text-editor.default\">\n\t\t\t\t<div class=\"elementor-widget-container\">\n\t\t\t<style>\/*! elementor - v3.23.0 - 05-08-2024 *\/\n.elementor-widget-text-editor.elementor-drop-cap-view-stacked .elementor-drop-cap{background-color:#69727d;color:#fff}.elementor-widget-text-editor.elementor-drop-cap-view-framed .elementor-drop-cap{color:#69727d;border:3px solid;background-color:transparent}.elementor-widget-text-editor:not(.elementor-drop-cap-view-default) .elementor-drop-cap{margin-top:8px}.elementor-widget-text-editor:not(.elementor-drop-cap-view-default) .elementor-drop-cap-letter{width:1em;height:1em}.elementor-widget-text-editor .elementor-drop-cap{float:left;text-align:center;line-height:1;font-size:50px}.elementor-widget-text-editor .elementor-drop-cap-letter{display:inline-block}<\/style>\t\t\t\t<p><strong>\u00c1REA DE PR\u00c1CTICA<\/strong><\/p>\t\t\t\t\t\t<\/div>\n\t\t\t\t<\/div>\n\t\t\t\t<div class=\"elementor-element elementor-element-29cebb9 ob-harakiri-inherit elementor-invisible ob-has-background-overlay elementor-widget elementor-widget-heading\" data-id=\"29cebb9\" data-element_type=\"widget\" data-settings=\"{&quot;_animation&quot;:&quot;fadeInDown&quot;,&quot;_ob_use_harakiri&quot;:&quot;yes&quot;,&quot;_ob_harakiri_writing_mode&quot;:&quot;inherit&quot;,&quot;_ob_harakiri_text_clip&quot;:&quot;none&quot;,&quot;_ob_perspektive_use&quot;:&quot;no&quot;,&quot;_ob_poopart_use&quot;:&quot;yes&quot;,&quot;_ob_shadough_use&quot;:&quot;no&quot;,&quot;_ob_allow_hoveranimator&quot;:&quot;no&quot;,&quot;_ob_widget_stalker_use&quot;:&quot;no&quot;}\" data-widget_type=\"heading.default\">\n\t\t\t\t<div class=\"elementor-widget-container\">\n\t\t\t<style>\/*! elementor - v3.23.0 - 05-08-2024 *\/\n.elementor-heading-title{padding:0;margin:0;line-height:1}.elementor-widget-heading .elementor-heading-title[class*=elementor-size-]>a{color:inherit;font-size:inherit;line-height:inherit}.elementor-widget-heading .elementor-heading-title.elementor-size-small{font-size:15px}.elementor-widget-heading .elementor-heading-title.elementor-size-medium{font-size:19px}.elementor-widget-heading .elementor-heading-title.elementor-size-large{font-size:29px}.elementor-widget-heading .elementor-heading-title.elementor-size-xl{font-size:39px}.elementor-widget-heading .elementor-heading-title.elementor-size-xxl{font-size:59px}<\/style><h2 class=\"elementor-heading-title elementor-size-default\">ADMINISTRATIVO<\/h2>\t\t<\/div>\n\t\t\t\t<\/div>\n\t\t\t\t<div class=\"elementor-element elementor-element-81e3392 ob-harakiri-inherit ob-has-background-overlay elementor-widget elementor-widget-text-editor\" data-id=\"81e3392\" data-element_type=\"widget\" data-settings=\"{&quot;_ob_use_harakiri&quot;:&quot;yes&quot;,&quot;_ob_harakiri_writing_mode&quot;:&quot;inherit&quot;,&quot;_ob_postman_use&quot;:&quot;no&quot;,&quot;_ob_perspektive_use&quot;:&quot;no&quot;,&quot;_ob_poopart_use&quot;:&quot;yes&quot;,&quot;_ob_shadough_use&quot;:&quot;no&quot;,&quot;_ob_allow_hoveranimator&quot;:&quot;no&quot;,&quot;_ob_widget_stalker_use&quot;:&quot;no&quot;}\" data-widget_type=\"text-editor.default\">\n\t\t\t\t<div class=\"elementor-widget-container\">\n\t\t\t\t\t\t\t<p>Damos gu\u00eda regulatoria para la gesti\u00f3n de negocios entre empresarios y el Estado y asesoramos a ciudadanos y empresas en sus relaciones con la administraci\u00f3n p\u00fablica. Conocemos bien la organizaci\u00f3n y funcionamiento del sector p\u00fablico, sus prerrogativas y capacidades de control, de intervenci\u00f3n y sanci\u00f3n en los diversos frentes de servicios p\u00fablicos y asuntos sociales, y es la raz\u00f3n por la cual entidades estatales nos consultan en cuestiones de gesti\u00f3n de personal y en otro orden de necesidades internas.<\/p><p>Gestionamos con el mayor profesionalismo la diversidad de nuestras fuentes del derecho, el fen\u00f3meno reglamentario y los debates que ata\u00f1en a los distintos actos de la administraci\u00f3n, unilaterales y contractuales. Tenemos destrezas acumuladas para interpretar los numerosos reg\u00edmenes p\u00fablicos especiales, y tenemos acceso a pr\u00e1cticamente cualquier normograma de la administraci\u00f3n p\u00fablica colombiana gracias a herramientas de big data de las cuales disponemos.<\/p>\t\t\t\t\t\t<\/div>\n\t\t\t\t<\/div>\n\t\t\t\t\t<\/div>\n\t\t<\/div>\n\t\t\t\t<div class=\"elementor-column elementor-col-50 elementor-inner-column elementor-element elementor-element-98df9cc\" data-id=\"98df9cc\" data-element_type=\"column\" data-settings=\"{&quot;background_background&quot;:&quot;classic&quot;,&quot;_ob_bbad_is_stalker&quot;:&quot;no&quot;,&quot;_ob_teleporter_use&quot;:false,&quot;_ob_column_hoveranimator&quot;:&quot;no&quot;,&quot;_ob_column_has_pseudo&quot;:&quot;no&quot;}\">\n\t\t\t<div class=\"elementor-widget-wrap\">\n\t\t\t\t\t\t\t<\/div>\n\t\t<\/div>\n\t\t\t\t\t<\/div>\n\t\t<\/section>\n\t\t\t\t\t<\/div>\n\t\t<\/section>\n\t\t\t\t<section class=\"elementor-column elementor-col-50 elementor-top-column elementor-element elementor-element-be8f714 sec animated-fast elementor-hidden-desktop elementor-hidden-tablet elementor-hidden-mobile\" data-id=\"be8f714\" data-element_type=\"column\" id=\"objetivos\" data-settings=\"{&quot;background_background&quot;:&quot;classic&quot;,&quot;animation&quot;:&quot;none&quot;,&quot;_ob_bbad_is_stalker&quot;:&quot;no&quot;,&quot;_ob_teleporter_use&quot;:false,&quot;_ob_column_hoveranimator&quot;:&quot;no&quot;,&quot;_ob_column_has_pseudo&quot;:&quot;no&quot;}\">\n\t\t\t<div class=\"elementor-widget-wrap elementor-element-populated\">\n\t\t\t\t\t\t<section class=\"ob-is-breaking-bad ob-bb-inner elementor-section elementor-inner-section elementor-element elementor-element-7b97cbc elementor-section-boxed elementor-section-height-default elementor-section-height-default\" data-id=\"7b97cbc\" data-element_type=\"section\" data-settings=\"{&quot;_ob_bbad_use_it&quot;:&quot;yes&quot;,&quot;_ob_bbad_sssic_use&quot;:&quot;no&quot;,&quot;_ob_glider_is_slider&quot;:&quot;no&quot;}\">\n\t\t\t\t\t\t<div class=\"elementor-container elementor-column-gap-default\">\n\t\t\t\t\t<div class=\"elementor-column elementor-col-50 elementor-inner-column elementor-element elementor-element-b567696\" data-id=\"b567696\" data-element_type=\"column\" data-settings=\"{&quot;_ob_bbad_is_stalker&quot;:&quot;no&quot;,&quot;_ob_teleporter_use&quot;:false,&quot;_ob_column_hoveranimator&quot;:&quot;no&quot;,&quot;_ob_column_has_pseudo&quot;:&quot;no&quot;}\">\n\t\t\t<div class=\"elementor-widget-wrap elementor-element-populated\">\n\t\t\t\t\t\t<div class=\"elementor-element elementor-element-4fe661b txt-area ob-harakiri-inherit ob-has-background-overlay elementor-widget elementor-widget-text-editor\" data-id=\"4fe661b\" data-element_type=\"widget\" data-settings=\"{&quot;_ob_use_harakiri&quot;:&quot;yes&quot;,&quot;_ob_harakiri_writing_mode&quot;:&quot;inherit&quot;,&quot;_ob_postman_use&quot;:&quot;no&quot;,&quot;_ob_perspektive_use&quot;:&quot;no&quot;,&quot;_ob_poopart_use&quot;:&quot;yes&quot;,&quot;_ob_shadough_use&quot;:&quot;no&quot;,&quot;_ob_allow_hoveranimator&quot;:&quot;no&quot;,&quot;_ob_widget_stalker_use&quot;:&quot;no&quot;}\" data-widget_type=\"text-editor.default\">\n\t\t\t\t<div class=\"elementor-widget-container\">\n\t\t\t\t\t\t\t<p><strong>\u00c1REA DE PR\u00c1CTICA<\/strong><\/p>\t\t\t\t\t\t<\/div>\n\t\t\t\t<\/div>\n\t\t\t\t<div class=\"elementor-element elementor-element-28281ac ob-harakiri-inherit elementor-invisible ob-has-background-overlay elementor-widget elementor-widget-heading\" data-id=\"28281ac\" data-element_type=\"widget\" data-settings=\"{&quot;_animation&quot;:&quot;fadeInDown&quot;,&quot;_ob_use_harakiri&quot;:&quot;yes&quot;,&quot;_ob_harakiri_writing_mode&quot;:&quot;inherit&quot;,&quot;_ob_harakiri_text_clip&quot;:&quot;none&quot;,&quot;_ob_perspektive_use&quot;:&quot;no&quot;,&quot;_ob_poopart_use&quot;:&quot;yes&quot;,&quot;_ob_shadough_use&quot;:&quot;no&quot;,&quot;_ob_allow_hoveranimator&quot;:&quot;no&quot;,&quot;_ob_widget_stalker_use&quot;:&quot;no&quot;}\" data-widget_type=\"heading.default\">\n\t\t\t\t<div class=\"elementor-widget-container\">\n\t\t\t<h4 class=\"elementor-heading-title elementor-size-default\">ADMINISTRATIVO<\/h4>\t\t<\/div>\n\t\t\t\t<\/div>\n\t\t\t\t\t<\/div>\n\t\t<\/div>\n\t\t\t\t<div class=\"elementor-column elementor-col-50 elementor-inner-column elementor-element elementor-element-291b4b3\" data-id=\"291b4b3\" data-element_type=\"column\" data-settings=\"{&quot;_ob_bbad_is_stalker&quot;:&quot;no&quot;,&quot;_ob_teleporter_use&quot;:false,&quot;_ob_column_hoveranimator&quot;:&quot;no&quot;,&quot;_ob_column_has_pseudo&quot;:&quot;no&quot;}\">\n\t\t\t<div class=\"elementor-widget-wrap elementor-element-populated\">\n\t\t\t\t\t\t<div class=\"elementor-element elementor-element-56fa1a3 ob-has-background-overlay elementor-widget elementor-widget-spacer\" data-id=\"56fa1a3\" data-element_type=\"widget\" data-settings=\"{&quot;_ob_spacerat_use&quot;:&quot;no&quot;,&quot;_ob_perspektive_use&quot;:&quot;no&quot;,&quot;_ob_poopart_use&quot;:&quot;yes&quot;,&quot;_ob_shadough_use&quot;:&quot;no&quot;,&quot;_ob_allow_hoveranimator&quot;:&quot;no&quot;,&quot;_ob_widget_stalker_use&quot;:&quot;no&quot;}\" data-widget_type=\"spacer.default\">\n\t\t\t\t<div class=\"elementor-widget-container\">\n\t\t\t<style>\/*! elementor - v3.23.0 - 05-08-2024 *\/\n.elementor-column .elementor-spacer-inner{height:var(--spacer-size)}.e-con{--container-widget-width:100%}.e-con-inner>.elementor-widget-spacer,.e-con>.elementor-widget-spacer{width:var(--container-widget-width,var(--spacer-size));--align-self:var(--container-widget-align-self,initial);--flex-shrink:0}.e-con-inner>.elementor-widget-spacer>.elementor-widget-container,.e-con>.elementor-widget-spacer>.elementor-widget-container{height:100%;width:100%}.e-con-inner>.elementor-widget-spacer>.elementor-widget-container>.elementor-spacer,.e-con>.elementor-widget-spacer>.elementor-widget-container>.elementor-spacer{height:100%}.e-con-inner>.elementor-widget-spacer>.elementor-widget-container>.elementor-spacer>.elementor-spacer-inner,.e-con>.elementor-widget-spacer>.elementor-widget-container>.elementor-spacer>.elementor-spacer-inner{height:var(--container-widget-height,var(--spacer-size))}.e-con-inner>.elementor-widget-spacer.elementor-widget-empty,.e-con>.elementor-widget-spacer.elementor-widget-empty{position:relative;min-height:22px;min-width:22px}.e-con-inner>.elementor-widget-spacer.elementor-widget-empty .elementor-widget-empty-icon,.e-con>.elementor-widget-spacer.elementor-widget-empty .elementor-widget-empty-icon{position:absolute;top:0;bottom:0;left:0;right:0;margin:auto;padding:0;width:22px;height:22px}<\/style>\t\t<div class=\"elementor-spacer\">\n\t\t\t<div class=\"elementor-spacer-inner\"><\/div>\n\t\t<\/div>\n\t\t\t\t<\/div>\n\t\t\t\t<\/div>\n\t\t\t\t<div class=\"elementor-element elementor-element-6c8cbbb txt-equipo ob-harakiri-inherit ob-has-background-overlay elementor-widget elementor-widget-text-editor\" data-id=\"6c8cbbb\" data-element_type=\"widget\" data-settings=\"{&quot;_ob_use_harakiri&quot;:&quot;yes&quot;,&quot;_ob_harakiri_writing_mode&quot;:&quot;inherit&quot;,&quot;_ob_postman_use&quot;:&quot;no&quot;,&quot;_ob_perspektive_use&quot;:&quot;no&quot;,&quot;_ob_poopart_use&quot;:&quot;yes&quot;,&quot;_ob_shadough_use&quot;:&quot;no&quot;,&quot;_ob_allow_hoveranimator&quot;:&quot;no&quot;,&quot;_ob_widget_stalker_use&quot;:&quot;no&quot;}\" data-widget_type=\"text-editor.default\">\n\t\t\t\t<div class=\"elementor-widget-container\">\n\t\t\t\t\t\t\t<p><strong>NUESTRO EQUIPO<\/strong><\/p>\t\t\t\t\t\t<\/div>\n\t\t\t\t<\/div>\n\t\t\t\t<div class=\"elementor-element elementor-element-f014d8e ob-has-background-overlay elementor-widget elementor-widget-shortcode\" data-id=\"f014d8e\" data-element_type=\"widget\" data-settings=\"{&quot;_ob_perspektive_use&quot;:&quot;no&quot;,&quot;_ob_poopart_use&quot;:&quot;yes&quot;,&quot;_ob_shadough_use&quot;:&quot;no&quot;,&quot;_ob_allow_hoveranimator&quot;:&quot;no&quot;,&quot;_ob_widget_stalker_use&quot;:&quot;no&quot;}\" data-widget_type=\"shortcode.default\">\n\t\t\t\t<div class=\"elementor-widget-container\">\n\t\t\t\t\t<div class=\"elementor-shortcode\"><div class=\"cl-layout-container\" style=\"--cl-layout-padding:0px;--cl-layout-margin:0px;\"><div  class=\"cl-layout cl-layout--grid cl-layout--id-1082  cl-layout--equal-rows  cl-layout--col-l-3 cl-layout--col-m-3 cl-layout--col-s-2 cl-layout--col-xs-1\"  style=\"--cl-layout-gap-c: 20px;--cl-layout-gap-r: 20px;\n\t\t\" ><div  class=\"cl-layout__item cl-layout__item--id-1224\" ><div  class=\"cl-template cl-template--post cl-template--id-707 cl-template--image-top\" ><div class=\"cl-element cl-element-featured_media cl-element--instance-1004 mtt-img cl-element-featured_media--sizing-aspect_ratio\"><a class=\"cl-element-featured_media__anchor\" href=\"https:\/\/momentto.co\/legal\/abogado\/jhonatan-camargo-perez\/\" title=\"Jhonatan Camargo P\u00e9rez\"><div class=\"cl-element-featured_media__image\" style=\"background-image: url(https:\/\/momentto.co\/legal\/wp-content\/uploads\/2022\/11\/Usuario-ajuste.jpg)\" role=\"img\"><\/div><\/a><\/div><div class=\"cl-element cl-element-section cl-element--instance-1005 \"><h5 class=\"cl-element cl-element-title cl-element--instance-1001 mtt-nombre\"><a class=\"cl-element-title__anchor\" href=\"https:\/\/momentto.co\/legal\/abogado\/jhonatan-camargo-perez\/\">Jhonatan Camargo P\u00e9rez<\/a><\/h5><div class=\"cl-element cl-element-custom_field cl-element--instance-1002 mtt-cargo\">Abogado<\/div><div class=\"cl-element cl-element-taxonomy cl-element--instance-1003 mtt-btnArea\"><a  class=\"cl-element-taxonomy__term\"  href=\"https:\/\/momentto.co\/legal\/area\/adminitrativo\/\" >\n\t\t\t\tADMINISTRATIVO\t\t\t<\/a><\/div><\/div><\/div><\/div><div  class=\"cl-layout__item cl-layout__item--id-1202\" ><div  class=\"cl-template cl-template--post cl-template--id-707 cl-template--image-top\" ><div class=\"cl-element cl-element-featured_media cl-element--instance-1004 mtt-img cl-element-featured_media--sizing-aspect_ratio\"><a class=\"cl-element-featured_media__anchor\" href=\"https:\/\/momentto.co\/legal\/abogado\/karen-macias-santos-of-counsel\/\" title=\"Karen Mac\u00edas Santos\"><div class=\"cl-element-featured_media__image\" style=\"background-image: url(https:\/\/momentto.co\/legal\/wp-content\/uploads\/2022\/11\/Usuario-ajuste.jpg)\" role=\"img\"><\/div><\/a><\/div><div class=\"cl-element cl-element-section cl-element--instance-1005 \"><h5 class=\"cl-element cl-element-title cl-element--instance-1001 mtt-nombre\"><a class=\"cl-element-title__anchor\" href=\"https:\/\/momentto.co\/legal\/abogado\/karen-macias-santos-of-counsel\/\">Karen Mac\u00edas Santos<\/a><\/h5><div class=\"cl-element cl-element-custom_field cl-element--instance-1002 mtt-cargo\">Of Consuel<\/div><div class=\"cl-element cl-element-taxonomy cl-element--instance-1003 mtt-btnArea\"><a  class=\"cl-element-taxonomy__term\"  href=\"https:\/\/momentto.co\/legal\/area\/adminitrativo\/\" >\n\t\t\t\tADMINISTRATIVO\t\t\t<\/a><\/div><\/div><\/div><\/div><div  class=\"cl-layout__item cl-layout__item--id-1186\" ><div  class=\"cl-template cl-template--post cl-template--id-707 cl-template--image-top\" ><div class=\"cl-element cl-element-featured_media cl-element--instance-1004 mtt-img cl-element-featured_media--sizing-aspect_ratio\"><a class=\"cl-element-featured_media__anchor\" href=\"https:\/\/momentto.co\/legal\/abogado\/miguel-de-la-espriella-garcia\/\" title=\"Miguel De La Espriella Garc\u00eda\"><div class=\"cl-element-featured_media__image\" style=\"background-image: url(https:\/\/momentto.co\/legal\/wp-content\/uploads\/2022\/11\/Usuario-ajuste.jpg)\" role=\"img\"><\/div><\/a><\/div><div class=\"cl-element cl-element-section cl-element--instance-1005 \"><h5 class=\"cl-element cl-element-title cl-element--instance-1001 mtt-nombre\"><a class=\"cl-element-title__anchor\" href=\"https:\/\/momentto.co\/legal\/abogado\/miguel-de-la-espriella-garcia\/\">Miguel De La Espriella Garc\u00eda<\/a><\/h5><div class=\"cl-element cl-element-custom_field cl-element--instance-1002 mtt-cargo\">Abogado<\/div><div class=\"cl-element cl-element-taxonomy cl-element--instance-1003 mtt-btnArea\"><a  class=\"cl-element-taxonomy__term\"  href=\"https:\/\/momentto.co\/legal\/area\/adminitrativo\/\" >\n\t\t\t\tADMINISTRATIVO\t\t\t<\/a><\/div><\/div><\/div><\/div><\/div><div class=\"cl-pagination\"><span aria-current=\"page\" class=\"page-numbers current\">1<\/span>\n<a class=\"page-numbers\" href=\"https:\/\/momentto.co\/legal\/wp-json\/wp\/v2\/pages\/820\/page\/2\/\">2<\/a>\n<a class=\"page-numbers\" href=\"https:\/\/momentto.co\/legal\/wp-json\/wp\/v2\/pages\/820\/page\/3\/\">3<\/a>\n<a class=\"page-numbers\" href=\"https:\/\/momentto.co\/legal\/wp-json\/wp\/v2\/pages\/820\/page\/4\/\">4<\/a>\n<a class=\"next page-numbers\" href=\"https:\/\/momentto.co\/legal\/wp-json\/wp\/v2\/pages\/820\/page\/2\/\">Siguiente &raquo;<\/a><\/div><\/div> <\/div>\n\t\t\t\t<\/div>\n\t\t\t\t<\/div>\n\t\t\t\t\t<\/div>\n\t\t<\/div>\n\t\t\t\t\t<\/div>\n\t\t<\/section>\n\t\t\t\t\t<\/div>\n\t\t<\/section>\n\t\t\t\t\t<\/div>\n\t\t<\/main>\n\t\t\t\t<\/div>\n\t\t","protected":false},"excerpt":{"rendered":"<p>\u00c1REA DE PR\u00c1CTICA ADMINISTRATIVO Damos gu\u00eda regulatoria para la gesti\u00f3n de negocios entre empresarios y el Estado y asesoramos a ciudadanos y empresas en sus relaciones con la administraci\u00f3n p\u00fablica. Conocemos bien la organizaci\u00f3n y funcionamiento del sector p\u00fablico, sus prerrogativas y capacidades de control, de intervenci\u00f3n y sanci\u00f3n en los diversos frentes de servicios [&hellip;]<\/p>\n","protected":false},"author":1,"featured_media":0,"parent":0,"menu_order":0,"comment_status":"closed","ping_status":"closed","template":"","meta":{"footnotes":""},"class_list":["post-820","page","type-page","status-publish","hentry"],"_links":{"self":[{"href":"https:\/\/momentto.co\/legal\/wp-json\/wp\/v2\/pages\/820","targetHints":{"allow":["GET"]}}],"collection":[{"href":"https:\/\/momentto.co\/legal\/wp-json\/wp\/v2\/pages"}],"about":[{"href":"https:\/\/momentto.co\/legal\/wp-json\/wp\/v2\/types\/page"}],"author":[{"embeddable":true,"href":"https:\/\/momentto.co\/legal\/wp-json\/wp\/v2\/users\/1"}],"replies":[{"embeddable":true,"href":"https:\/\/momentto.co\/legal\/wp-json\/wp\/v2\/comments?post=820"}],"version-history":[{"count":66,"href":"https:\/\/momentto.co\/legal\/wp-json\/wp\/v2\/pages\/820\/revisions"}],"predecessor-version":[{"id":2078,"href":"https:\/\/momentto.co\/legal\/wp-json\/wp\/v2\/pages\/820\/revisions\/2078"}],"wp:attachment":[{"href":"https:\/\/momentto.co\/legal\/wp-json\/wp\/v2\/media?parent=820"}],"curies":[{"name":"wp","href":"https:\/\/api.w.org\/{rel}","templated":true}]}}